{"id":6585,"date":"2024-06-21T17:18:50","date_gmt":"2024-06-21T14:18:50","guid":{"rendered":"https:\/\/global.encode.com.tr\/information-security-policy\/"},"modified":"2024-12-27T11:09:04","modified_gmt":"2024-12-27T08:09:04","slug":"information-security-policy","status":"publish","type":"page","link":"https:\/\/www.globalbiyomedikal.com\/en\/information-security-policy\/","title":{"rendered":"Information Security Policy"},"content":{"rendered":"<div class=\"fusion-fullwidth fullwidth-box fusion-builder-row-1 fusion-flex-container has-pattern-background has-mask-background nonhundred-percent-fullwidth non-hundred-percent-height-scrolling\" style=\"--awb-border-radius-top-left:0px;--awb-border-radius-top-right:0px;--awb-border-radius-bottom-right:0px;--awb-border-radius-bottom-left:0px;--awb-flex-wrap:wrap;\" ><div class=\"fusion-builder-row fusion-row fusion-flex-align-items-flex-start fusion-flex-content-wrap\" style=\"max-width:1372.8px;margin-left: calc(-4% \/ 2 );margin-right: calc(-4% \/ 2 );\"><div class=\"fusion-layout-column fusion_builder_column fusion-builder-column-0 fusion_builder_column_1_1 1_1 fusion-flex-column\" style=\"--awb-bg-size:cover;--awb-width-large:100%;--awb-margin-top-large:0px;--awb-spacing-right-large:1.92%;--awb-margin-bottom-large:20px;--awb-spacing-left-large:1.92%;--awb-width-medium:100%;--awb-order-medium:0;--awb-spacing-right-medium:1.92%;--awb-spacing-left-medium:1.92%;--awb-width-small:100%;--awb-order-small:0;--awb-spacing-right-small:1.92%;--awb-spacing-left-small:1.92%;\"><div class=\"fusion-column-wrapper fusion-column-has-shadow fusion-flex-justify-content-flex-start fusion-content-layout-column\"><div class=\"fusion-text fusion-text-1\"><p class=\"p1\"><b>1.Entrance<\/b><\/p>\n<p class=\"p3\">At Global Biyomedikal, we place great importance on information security. This information security policy outlines the procedures and principles we follow to protect the data of our customers, employees, and business partners.<\/p>\n<p class=\"p1\"><b>2.The Purpose of Our Policy<\/b><\/p>\n<p class=\"p3\">The main objective of our information security policy is to protect the confidentiality, integrity, and accessibility of corporate information. In this context, our priority is to continuously improve our information security management system and ensure legal compliance.<\/p>\n<p class=\"p1\"><b>3. Scope<\/b><\/p>\n<p class=\"p3\">This policy applies to all employees, business partners, service providers, and customers of Global Biyomedikal. All parties are required to act in accordance with this policy.<\/p>\n<p class=\"p1\"><b>4. Information Security Principles<\/b><\/p>\n<p class=\"p3\">Global Biyomedikal adopts the following principles to ensure information security:<\/p>\n<p class=\"p4\">\u2022<strong>Confidentiality<\/strong><b>:<\/b> Protection of information from unauthorized access<\/p>\n<p class=\"p4\">\u2022<strong>Integrity<\/strong><b>:<\/b> Ensuring the accuracy and completeness of information.<\/p>\n<p class=\"p4\">\u2022<strong>Availability<\/strong><b>:<\/b> Ensuring that authorized users can access the information when needed.<\/p>\n<p class=\"p4\">\u2022<strong>Accountability<\/strong><b>:<\/b> Ensuring that all information security activities are traceable and accountable.<\/p>\n<p class=\"p1\"><b>5. Information Security Management System<\/b><\/p>\n<p class=\"p3\">Global Biyomedikal implements an Information Security Management System (ISMS) to assess, manage, and mitigate information security risks. The ISMS is designed in compliance with international information security standards and includes continuous monitoring and improvement processes.<\/p>\n<p class=\"p1\"><b>6. Risk Management<\/b><\/p>\n<p class=\"p3\">Information security risks are systematically identified, assessed, and managed. Potential risks are regularly reviewed, and necessary measures are taken.<\/p>\n<p class=\"p1\"><b>7. Employee Responsibilities<\/b><\/p>\n<p class=\"p3\">All employees are required to comply with the information security policy. Employees must promptly report any information security breaches and act in accordance with the established procedures.<\/p>\n<p class=\"p1\"><b>8.Education and Awareness<\/b><\/p>\n<p class=\"p3\">Global Biyomedikal regularly provides training to raise awareness among its employees about information security. To ensure continuous development of information security awareness, our employees are provided with up-to-date information and best practices.<\/p>\n<p class=\"p1\"><b>9. Physical and Technical Security Measures<br \/>\n<\/b><\/p>\n<p class=\"p3\">All necessary measures are taken to protect information both physically and digitally. These measures include access control systems, encryption methods, firewalls, and secure data storage methods.<\/p>\n<p class=\"p1\"><b>10.Management of Violations<\/b><\/p>\n<p class=\"p3\">In the event of information security breaches, immediate intervention is carried out, and necessary steps are taken to minimize the impact of the incidents. The incidents are analyzed, and relevant processes are updated to prevent recurrence.<\/p>\n<p class=\"p1\"><b>11. Continuous Improvement<\/b><\/p>\n<p class=\"p3\">The information security management system is continuously reviewed and strengthened against emerging threats. Global Biyomedikal constantly monitors its information security performance and evaluates opportunities for improvement.<\/p>\n<p class=\"p1\"><b>12. Legal Compliance<\/b><\/p>\n<p class=\"p3\">Global Biyomedikal is committed to complying with all applicable information security laws and regulations. Additionally, we operate in accordance with relevant industry standards and best practices.<\/p>\n<p class=\"p1\"><b>13.Contact us<\/b><\/p>\n<p class=\"p3\">If you have questions or requests for more information about this information security policy, contact us at <b>Ye\u015filk\u00f6y Mah. Atat\u00fcrk Cad. D\u00fcnya Ticaret Merkezi, EGS Business Park Bloklar\u0131 B1 Blok D:368 34149 Bak\u0131rk\u00f6y\/\u0130stanbul<\/b> <b>address or info@globalbiyomedikal.com<\/b> e-mail address and <b>+90 212 597 80 83<\/b> You can contact us with the phone number.<\/p>\n<\/div><\/div><\/div><\/div><\/div>\n","protected":false},"excerpt":{"rendered":"","protected":false},"author":8,"featured_media":0,"parent":0,"menu_order":0,"comment_status":"closed","ping_status":"closed","template":"100-width.php","meta":{"_acf_changed":false,"_joinchat":[],"footnotes":""},"class_list":["post-6585","page","type-page","status-publish","hentry"],"acf":[],"_links":{"self":[{"href":"https:\/\/www.globalbiyomedikal.com\/en\/wp-json\/wp\/v2\/pages\/6585","targetHints":{"allow":["GET"]}}],"collection":[{"href":"https:\/\/www.globalbiyomedikal.com\/en\/wp-json\/wp\/v2\/pages"}],"about":[{"href":"https:\/\/www.globalbiyomedikal.com\/en\/wp-json\/wp\/v2\/types\/page"}],"author":[{"embeddable":true,"href":"https:\/\/www.globalbiyomedikal.com\/en\/wp-json\/wp\/v2\/users\/8"}],"replies":[{"embeddable":true,"href":"https:\/\/www.globalbiyomedikal.com\/en\/wp-json\/wp\/v2\/comments?post=6585"}],"version-history":[{"count":11,"href":"https:\/\/www.globalbiyomedikal.com\/en\/wp-json\/wp\/v2\/pages\/6585\/revisions"}],"predecessor-version":[{"id":8279,"href":"https:\/\/www.globalbiyomedikal.com\/en\/wp-json\/wp\/v2\/pages\/6585\/revisions\/8279"}],"wp:attachment":[{"href":"https:\/\/www.globalbiyomedikal.com\/en\/wp-json\/wp\/v2\/media?parent=6585"}],"curies":[{"name":"wp","href":"https:\/\/api.w.org\/{rel}","templated":true}]}}