{"id":8142,"date":"2024-06-21T12:41:06","date_gmt":"2024-06-21T09:41:06","guid":{"rendered":"https:\/\/www.globalbiyomedikal.com\/privacy-policy\/"},"modified":"2024-11-12T23:35:22","modified_gmt":"2024-11-12T20:35:22","slug":"privacy-policy","status":"publish","type":"page","link":"https:\/\/www.globalbiyomedikal.com\/en\/privacy-policy\/","title":{"rendered":"Privacy Policy"},"content":{"rendered":"<div class=\"fusion-fullwidth fullwidth-box fusion-builder-row-1 fusion-flex-container has-pattern-background has-mask-background nonhundred-percent-fullwidth non-hundred-percent-height-scrolling\" style=\"--awb-border-radius-top-left:0px;--awb-border-radius-top-right:0px;--awb-border-radius-bottom-right:0px;--awb-border-radius-bottom-left:0px;--awb-flex-wrap:wrap;\" ><div class=\"fusion-builder-row fusion-row fusion-flex-align-items-flex-start fusion-flex-content-wrap\" style=\"max-width:1372.8px;margin-left: calc(-4% \/ 2 );margin-right: calc(-4% \/ 2 );\"><div class=\"fusion-layout-column fusion_builder_column fusion-builder-column-0 fusion_builder_column_1_1 1_1 fusion-flex-column\" style=\"--awb-bg-size:cover;--awb-width-large:100%;--awb-margin-top-large:0px;--awb-spacing-right-large:1.92%;--awb-margin-bottom-large:20px;--awb-spacing-left-large:1.92%;--awb-width-medium:100%;--awb-order-medium:0;--awb-spacing-right-medium:1.92%;--awb-spacing-left-medium:1.92%;--awb-width-small:100%;--awb-order-small:0;--awb-spacing-right-small:1.92%;--awb-spacing-left-small:1.92%;\"><div class=\"fusion-column-wrapper fusion-column-has-shadow fusion-flex-justify-content-flex-start fusion-content-layout-column\"><div class=\"fusion-text fusion-text-1\"><p class=\"p1\"><b>1. Enterence<\/b><\/p>\n<p class=\"p3\">As Global Biyomedikal, protecting the privacy of our users is our priority. This privacy policy explains how the information we collect when you visit our website is used and protected. <\/p>\n<p class=\"p1\"><b>2. Information We Collect<\/b><\/p>\n<p class=\"p3\">When you use our website, we may collect the following types of information:<\/p>\n<p class=\"p4\">\u2022<b>Ki\u015fisel Bilgiler:<\/b> Information that can identify you, such as your name, surname, e-mail address, phone number.<\/p>\n<p class=\"p4\">\u2022<b>Teknik Veriler:<\/b> Information about your device, such as your IP address, browser type, operating system, your activities on our website, and your preferred language.<\/p>\n<p class=\"p4\">\u2022<b>\u00c7erezler:We use cookies to track your use of our website and to improve your user experience.<br \/><\/b><\/p>\n<p class=\"p1\"><b>3.Use of Information<\/b><\/p>\n<p class=\"p3\">The information we collect may be used for the following purposes:<\/p>\n<p class=\"p4\">-Developing our website and services<\/p>\n<p class=\"p4\">-To inform you about products and services that may be of interest to you (with your consent)<\/p>\n<p class=\"p4\">-Providing customer service support<\/p>\n<p class=\"p4\">-Fulfill our legal obligations<\/p>\n<p class=\"p1\"><b>4. Sharing Information<\/b><\/p>\n<p class=\"p3\">Your personal data will not be shared with third parties except in the following cases:<\/p>\n<p class=\"p4\">-Sharing with our service providers, business partners or competent authorities in line with legal requirements<\/p>\n<p class=\"p4\">-Sharing with third parties only when necessary and by taking data security measures<\/p>\n<p class=\"p1\"><b>5. Data Storage<\/b><\/p>\n<p class=\"p3\">Your personal data will be stored for as long as necessary for the stated purposes. At the end of this period, your data will be securely deleted or anonymized. <\/p>\n<p class=\"p1\"><b>6.Security<\/b><\/p>\n<p class=\"p3\">We implement the latest technical and organizational measures to ensure the security of your data. Your data is protected using methods such as encryption and firewalls to prevent unauthorized access, data loss, or unauthorized disclosure. <\/p>\n<p class=\"p1\"><b>7. Your rights<\/b><\/p>\n<p class=\"p3\">Under the GDPR, you have the following rights:<\/p>\n<p class=\"p4\">-Request access to your personal data<\/p>\n<p class=\"p4\">-Request correction of incorrect or incomplete information<\/p>\n<p class=\"p4\">-Request deletion of your data<\/p>\n<p class=\"p4\">-Object to the processing of your data<\/p>\n<p class=\"p4\">-Request data portability<\/p>\n<p class=\"p3\">To exercise these rights, you can contact us<br \/> <b>info@globalbiyomedikal.com e-mail address or <\/b> <b>+90 212 597 80 83<\/b> You can contact us via the phone number.<\/p>\n<p class=\"p1\"><b>8. Cookies and Tracking Technologies<\/b><\/p>\n<p class=\"p3\">Our website uses cookies and similar technologies. These technologies are used to enhance user experience and optimize our website. To learn more about cookies and manage your settings, you can review our cookie policy.  <\/p>\n<p class=\"p1\"><b>9. Policy Changes<\/b><\/p>\n<p class=\"p3\">This privacy policy may be updated from time to time. In case of any changes, the updated policy will be posted on our website. Therefore, we advise you to check the policy regularly.  <\/p>\n<p class=\"p1\"><b>10. Contact us<\/b><\/p>\n<p class=\"p3\">If you have questions or concerns about our privacy policy, contact us at <b>Ye\u015filk\u00f6y Mah. Atat\u00fcrk Cad. D\u00fcnya Ticaret Merkezi, EGS Business Park Bloklar\u0131 B1 Blok D:368 34149 Bak\u0131rk\u00f6y\/\u0130stanbul<\/b> You can contact us at the address or the contact information mentioned above.<\/p>\n<\/div><\/div><\/div><\/div><\/div>\n","protected":false},"excerpt":{"rendered":"","protected":false},"author":8,"featured_media":0,"parent":0,"menu_order":0,"comment_status":"closed","ping_status":"closed","template":"100-width.php","meta":{"_acf_changed":false,"_joinchat":[],"footnotes":""},"class_list":["post-8142","page","type-page","status-publish","hentry"],"acf":[],"_links":{"self":[{"href":"https:\/\/www.globalbiyomedikal.com\/en\/wp-json\/wp\/v2\/pages\/8142","targetHints":{"allow":["GET"]}}],"collection":[{"href":"https:\/\/www.globalbiyomedikal.com\/en\/wp-json\/wp\/v2\/pages"}],"about":[{"href":"https:\/\/www.globalbiyomedikal.com\/en\/wp-json\/wp\/v2\/types\/page"}],"author":[{"embeddable":true,"href":"https:\/\/www.globalbiyomedikal.com\/en\/wp-json\/wp\/v2\/users\/8"}],"replies":[{"embeddable":true,"href":"https:\/\/www.globalbiyomedikal.com\/en\/wp-json\/wp\/v2\/comments?post=8142"}],"version-history":[{"count":2,"href":"https:\/\/www.globalbiyomedikal.com\/en\/wp-json\/wp\/v2\/pages\/8142\/revisions"}],"predecessor-version":[{"id":8144,"href":"https:\/\/www.globalbiyomedikal.com\/en\/wp-json\/wp\/v2\/pages\/8142\/revisions\/8144"}],"wp:attachment":[{"href":"https:\/\/www.globalbiyomedikal.com\/en\/wp-json\/wp\/v2\/media?parent=8142"}],"curies":[{"name":"wp","href":"https:\/\/api.w.org\/{rel}","templated":true}]}}