{"id":8148,"date":"2024-06-21T12:40:14","date_gmt":"2024-06-21T09:40:14","guid":{"rendered":"https:\/\/www.globalbiyomedikal.com\/gdpr\/"},"modified":"2024-11-13T00:04:25","modified_gmt":"2024-11-12T21:04:25","slug":"gdpr","status":"publish","type":"page","link":"https:\/\/www.globalbiyomedikal.com\/en\/gdpr\/","title":{"rendered":"GDPR"},"content":{"rendered":"<div class=\"fusion-fullwidth fullwidth-box fusion-builder-row-1 fusion-flex-container has-pattern-background has-mask-background nonhundred-percent-fullwidth non-hundred-percent-height-scrolling\" style=\"--awb-border-radius-top-left:0px;--awb-border-radius-top-right:0px;--awb-border-radius-bottom-right:0px;--awb-border-radius-bottom-left:0px;--awb-flex-wrap:wrap;\" ><div class=\"fusion-builder-row fusion-row fusion-flex-align-items-flex-start fusion-flex-content-wrap\" style=\"max-width:1372.8px;margin-left: calc(-4% \/ 2 );margin-right: calc(-4% \/ 2 );\"><div class=\"fusion-layout-column fusion_builder_column fusion-builder-column-0 fusion_builder_column_1_1 1_1 fusion-flex-column\" style=\"--awb-bg-size:cover;--awb-width-large:100%;--awb-margin-top-large:0px;--awb-spacing-right-large:1.92%;--awb-margin-bottom-large:20px;--awb-spacing-left-large:1.92%;--awb-width-medium:100%;--awb-order-medium:0;--awb-spacing-right-medium:1.92%;--awb-spacing-left-medium:1.92%;--awb-width-small:100%;--awb-order-small:0;--awb-spacing-right-small:1.92%;--awb-spacing-left-small:1.92%;\"><div class=\"fusion-column-wrapper fusion-column-has-shadow fusion-flex-justify-content-flex-start fusion-content-layout-column\"><div class=\"fusion-text fusion-text-1\"><p class=\"p1\"><b>1.Enterence<\/b><\/p>\n<p class=\"p3\">At Global Biyomedikal, we place great importance on the privacy and security of your personal data. This privacy policy outlines the types of personal data we collect, how this data is used, and how it is protected. <\/p>\n<p class=\"p1\"><b>2. Data Collected<\/b><\/p>\n<p class=\"p3\">Global Biomedical may collect the following personal data:<\/p>\n<p class=\"p4\">\u2022Name,Surname<\/p>\n<p class=\"p4\">\u2022E-mail adress<\/p>\n<p class=\"p4\">\u2022Phone Number<\/p>\n<p class=\"p4\">\u2022IP adress and other device information.<\/p>\n<p class=\"p4\">-Information about your interactions with our website (cookies, session information, etc.)<\/p>\n<p class=\"p1\"><b>3. Purposes of Data Collection and Use<\/b><\/p>\n<p class=\"p3\">The data we collect will be used for the following purposes:<\/p>\n<p class=\"p4\">-Providing and improving our services<\/p>\n<p class=\"p4\">-Providing customer support services<\/p>\n<p class=\"p4\">-Conducting marketing and communication activities (where you have given your consent)<\/p>\n<p class=\"p4\">-Fulfill our legal obligations<\/p>\n<p class=\"p1\"><b>4. Data Sharing and Transfer<\/b><\/p>\n<p class=\"p3\">Your personal data may be shared with Global Biyomedikal&#8217;s business partners, service providers, and authorized authorities in accordance with legal requirements. Your data will only be shared with third parties when necessary and with appropriate security measures in place. <\/p>\n<p class=\"p1\"><b>5. Data Storage<\/b><\/p>\n<p class=\"p3\">Your personal data will only be stored for as long as necessary for the stated purposes. When the retention period expires, your data will be securely deleted or anonymized. <\/p>\n<p class=\"p1\"><b>6. Data Security<\/b><\/p>\n<p class=\"p3\">Various technical and organizational measures have been implemented to ensure the security of your data. We protect your data using methods such as encryption and firewalls to prevent unauthorized access, data loss, or unauthorized disclosure. <\/p>\n<p class=\"p1\"><b>7. Data Subject Rights<\/b><\/p>\n<p class=\"p3\">Under the GDPR, you have the following rights:<\/p>\n<p class=\"p4\">\u2022Request access to your personal data<\/p>\n<p class=\"p4\">\u2022Request correction of incorrect or incomplete data<\/p>\n<p class=\"p4\">\u2022Request deletion of your data (right to be forgotten)<\/p>\n<p class=\"p4\">\u2022Object to data processing<\/p>\n<p class=\"p4\">\u2022Request data portability<\/p>\n<p class=\"p4\">\u2022Withdrawing data processing activities to which you have consented<\/p>\n<p class=\"p3\">To exercise these rights, you can contact us <b>info@globalbiyomedikal.com<\/b> e-mail adress or <b>+90 212 597 80 83<\/b> You can contact us with the phone number.<\/p>\n<p class=\"p1\"><b>8.Cookies<\/b><\/p>\n<p class=\"p3\">Our website uses cookies to enhance the user experience. For more information about the use of cookies, you can review our cookie policy. <\/p>\n<p class=\"p1\"><b>9. Policy Changes<\/b><\/p>\n<p class=\"p3\">This privacy policy may be updated from time to time. Policy changes will be posted on our website and will take effect. We therefore recommend that you review the policy regularly.  <\/p>\n<p class=\"p1\"><b>10. Contact<\/b><\/p>\n<p class=\"p3\">If you have any questions or requests regarding our GDPR policy, you can contact us at <b>Ye\u015filk\u00f6y Mah. Atat\u00fcrk Cad. D\u00fcnya Ticaret Merkezi, EGS Business Park Bloklar\u0131 B1 Blok D:368 34149 Bak\u0131rk\u00f6y\/\u0130stanbul<\/b> You can reach us at the address or via the contact information mentioned above.<\/p>\n<\/div><\/div><\/div><\/div><\/div>\n","protected":false},"excerpt":{"rendered":"","protected":false},"author":8,"featured_media":0,"parent":0,"menu_order":0,"comment_status":"closed","ping_status":"closed","template":"100-width.php","meta":{"_acf_changed":false,"_joinchat":[],"footnotes":""},"class_list":["post-8148","page","type-page","status-publish","hentry"],"acf":[],"_links":{"self":[{"href":"https:\/\/www.globalbiyomedikal.com\/en\/wp-json\/wp\/v2\/pages\/8148","targetHints":{"allow":["GET"]}}],"collection":[{"href":"https:\/\/www.globalbiyomedikal.com\/en\/wp-json\/wp\/v2\/pages"}],"about":[{"href":"https:\/\/www.globalbiyomedikal.com\/en\/wp-json\/wp\/v2\/types\/page"}],"author":[{"embeddable":true,"href":"https:\/\/www.globalbiyomedikal.com\/en\/wp-json\/wp\/v2\/users\/8"}],"replies":[{"embeddable":true,"href":"https:\/\/www.globalbiyomedikal.com\/en\/wp-json\/wp\/v2\/comments?post=8148"}],"version-history":[{"count":1,"href":"https:\/\/www.globalbiyomedikal.com\/en\/wp-json\/wp\/v2\/pages\/8148\/revisions"}],"predecessor-version":[{"id":8151,"href":"https:\/\/www.globalbiyomedikal.com\/en\/wp-json\/wp\/v2\/pages\/8148\/revisions\/8151"}],"wp:attachment":[{"href":"https:\/\/www.globalbiyomedikal.com\/en\/wp-json\/wp\/v2\/media?parent=8148"}],"curies":[{"name":"wp","href":"https:\/\/api.w.org\/{rel}","templated":true}]}}